{"id":153,"date":"2020-06-03T16:11:33","date_gmt":"2020-06-03T14:11:33","guid":{"rendered":"http:\/\/trois-barres.com\/?page_id=153"},"modified":"2020-09-04T11:17:59","modified_gmt":"2020-09-04T09:17:59","slug":"calcul-modelisation-simulation","status":"publish","type":"page","link":"https:\/\/trois-barres.com\/?page_id=153","title":{"rendered":"Calcul, mod\u00e9lisation, simulation"},"content":{"rendered":"<div id=\"pl-153\"  class=\"panel-layout\" ><div id=\"pg-153-0\"  class=\"panel-grid panel-has-style\" ><div style=\"padding: 100px 0; \" data-overlay=\"true\" data-overlay-color=\"#000000\" class=\"panel-row-style panel-row-style-for-153-0\" ><div id=\"pgc-153-0-0\"  class=\"panel-grid-cell\" ><div id=\"panel-153-0-0-0\" class=\"so-panel widget widget_sow-editor panel-first-child\" data-index=\"0\" ><div style=\"text-align: left;\" data-title-color=\"#443f3f\" data-headings-color=\"#443f3f\" class=\"panel-widget-style panel-widget-style-for-153-0-0-0\" ><div class=\"so-widget-sow-editor so-widget-sow-editor-base\"><h3 class=\"widget-title\">Calcul, Mod\u00e9lisation et Simulation<\/h3>\n<div class=\"siteorigin-widget-tinymce textwidget\">\n\t<p>La mod\u00e9lisation math\u00e9matique et la simulation num\u00e9rique sont des repr\u00e9sentations abstraites de la r\u00e9alit\u00e9 physique. L'utilisation de mod\u00e8les adapt\u00e9s permet non seulement de valider un concept mais \u00e9galement de gagner en productivit\u00e9.<\/p>\n<p><em>Trois Barres<\/em> propose des outils permettant de r\u00e9pondre efficacement \u00e0 une demande de dimensionnement ou de v\u00e9rification. Selon les secteurs industriels, les besoins peuvent \u00e9voluer.<\/p>\n<p>Parmi ces secteurs :<\/p>\n<ul>\n<li>La serrurerie et charpenterie m\u00e9tallique avec la v\u00e9rification de la structure et des assemblages selon des normes sp\u00e9cifiques.<\/li>\n<li>La ma\u00eetrise d'oeuvre et architecte avec une analyse orient\u00e9 <em>Eurocodes<\/em>.<\/li>\n<li>Les machines sp\u00e9ciales, produits industriels...<\/li>\n<li>D'une mani\u00e8re g\u00e9n\u00e9rale, les besoins sp\u00e9ciaux tous secteurs confondus.<\/li>\n<\/ul>\n<\/div>\n<\/div><\/div><\/div><div id=\"panel-153-0-0-1\" class=\"so-panel widget widget_sydney_services_type_a sydney_services_widget panel-last-child\" data-index=\"1\" ><div style=\"text-align: center;\" data-title-color=\"#443f3f\" data-headings-color=\"#443f3f\" class=\"panel-widget-style panel-widget-style-for-153-0-0-1\" >\t\t\t\r\n\t\t\t\t\t\t\t\t\t\t\t\t\t\t\t\t\t\t\t\t\t\t\t\t\t\t\t\t\t<div class=\"service col-md-4\">\r\n\t\t\t\t\t\t\t\t\t\t\t\t\t<div class=\"roll-icon-box\">\r\n\t\t\t\t\t\t\t\t\t\t\t\t\t\t\t\t<div class=\"content\">\r\n\t\t\t\t\t\t\t\t\t<h3>\r\n\t\t\t\t\t\t\t\t\t\t\t\t\t\t\t\t\t\t\t\t\t\t\t\t\t\t\t\t\t\t\t\t\t\t\t\t\t\t\t\t<\/h3>\r\n\t\t\t\t\t\t\t\t\t\t\t\t\t\t\t\t\t\r\n\t\t\t\t\t\t\t\t\t\t<h4>Generative Design<\/h4>\n<p><img loading=\"lazy\" class=\"alignnone size-medium wp-image-800\" src=\"http:\/\/trois-barres.com\/wp-content\/uploads\/2020\/09\/scene.28b-300x234.jpg\" alt=\"\" width=\"300\" height=\"234\" srcset=\"https:\/\/trois-barres.com\/wp-content\/uploads\/2020\/09\/scene.28b-300x234.jpg 300w, https:\/\/trois-barres.com\/wp-content\/uploads\/2020\/09\/scene.28b-768x599.jpg 768w, https:\/\/trois-barres.com\/wp-content\/uploads\/2020\/09\/scene.28b-1024x799.jpg 1024w, https:\/\/trois-barres.com\/wp-content\/uploads\/2020\/09\/scene.28b-830x648.jpg 830w, https:\/\/trois-barres.com\/wp-content\/uploads\/2020\/09\/scene.28b-230x180.jpg 230w, https:\/\/trois-barres.com\/wp-content\/uploads\/2020\/09\/scene.28b-350x273.jpg 350w, https:\/\/trois-barres.com\/wp-content\/uploads\/2020\/09\/scene.28b-480x375.jpg 480w, https:\/\/trois-barres.com\/wp-content\/uploads\/2020\/09\/scene.28b.jpg 1185w\" sizes=\"(max-width: 300px) 100vw, 300px\" \/><\/p>\n<h3>Optimisation topologique pour la fabrication additive.<\/h3>\n\t\t\t\t\t\t\t\t\t\t\t\t\t\t\t\t\t<\/div><!--.info-->\t\r\n\t\t\t\t\t\t\t<\/div>\r\n\t\t\t\t\t\t<\/div>\r\n\t\t\t\t\t\t\t\t\t\t\t\t\t\t\t\t\t\t\t\t\t\t\t\t\t\t\t\t\t<div class=\"service col-md-4\">\r\n\t\t\t\t\t\t\t\t\t\t\t\t\t<div class=\"roll-icon-box\">\r\n\t\t\t\t\t\t\t\t\t\t\t\t\t\t\t\t<div class=\"content\">\r\n\t\t\t\t\t\t\t\t\t<h3>\r\n\t\t\t\t\t\t\t\t\t\t\t\t\t\t\t\t\t\t\t\t\t\t\t\t\t\t\t\t\t\t\t\t\t\t\t\t\t\t\t\t<\/h3>\r\n\t\t\t\t\t\t\t\t\t\t\t\t\t\t\t\t\t\r\n\t\t\t\t\t\t\t\t\t\t<h4>Ph\u00e9nom\u00e8nes transitoires<\/h4>\n<p><img loading=\"lazy\" class=\"alignnone size-medium wp-image-703\" src=\"http:\/\/trois-barres.com\/wp-content\/uploads\/2020\/06\/Capture19-300x244.png\" alt=\"\" width=\"300\" height=\"244\" srcset=\"https:\/\/trois-barres.com\/wp-content\/uploads\/2020\/06\/Capture19-300x244.png 300w, https:\/\/trois-barres.com\/wp-content\/uploads\/2020\/06\/Capture19-768x624.png 768w, https:\/\/trois-barres.com\/wp-content\/uploads\/2020\/06\/Capture19-1024x832.png 1024w, https:\/\/trois-barres.com\/wp-content\/uploads\/2020\/06\/Capture19-830x674.png 830w, https:\/\/trois-barres.com\/wp-content\/uploads\/2020\/06\/Capture19-230x187.png 230w, https:\/\/trois-barres.com\/wp-content\/uploads\/2020\/06\/Capture19-350x284.png 350w, https:\/\/trois-barres.com\/wp-content\/uploads\/2020\/06\/Capture19-480x390.png 480w, https:\/\/trois-barres.com\/wp-content\/uploads\/2020\/06\/Capture19.png 1559w\" sizes=\"(max-width: 300px) 100vw, 300px\" \/><\/p>\n<h3>Mod\u00e9lisation de ph\u00e9nom\u00e8nes brefs, mouvements, \u00e9coulements&#8230;<\/h3>\n\t\t\t\t\t\t\t\t\t\t\t\t\t\t\t\t\t<\/div><!--.info-->\t\r\n\t\t\t\t\t\t\t<\/div>\r\n\t\t\t\t\t\t<\/div>\r\n\t\t\t\t\t\t\t\t\t\t\t\t\t\t\t\t\t\t\t\t\t\t\t\t\t\t\t\t\t<div class=\"service col-md-4\">\r\n\t\t\t\t\t\t\t\t\t\t\t\t\t<div class=\"roll-icon-box\">\r\n\t\t\t\t\t\t\t\t\t\t\t\t\t\t\t\t<div class=\"content\">\r\n\t\t\t\t\t\t\t\t\t<h3>\r\n\t\t\t\t\t\t\t\t\t\t\t\t\t\t\t\t\t\t\t\t\t\t\t\t\t\t\t\t\t\t\t\t\t\t\t\t\t\t\t\t<\/h3>\r\n\t\t\t\t\t\t\t\t\t\t\t\t\t\t\t\t\t\r\n\t\t\t\t\t\t\t\t\t\t<h4>R\u00e9daction de note de calcul<\/h4>\n<p><img loading=\"lazy\" class=\"alignnone size-medium wp-image-701\" src=\"http:\/\/trois-barres.com\/wp-content\/uploads\/2020\/06\/1457840-300x269.png\" alt=\"\" width=\"300\" height=\"269\" srcset=\"https:\/\/trois-barres.com\/wp-content\/uploads\/2020\/06\/1457840-300x269.png 300w, https:\/\/trois-barres.com\/wp-content\/uploads\/2020\/06\/1457840-768x688.png 768w, https:\/\/trois-barres.com\/wp-content\/uploads\/2020\/06\/1457840-1024x917.png 1024w, https:\/\/trois-barres.com\/wp-content\/uploads\/2020\/06\/1457840-830x744.png 830w, https:\/\/trois-barres.com\/wp-content\/uploads\/2020\/06\/1457840-230x206.png 230w, https:\/\/trois-barres.com\/wp-content\/uploads\/2020\/06\/1457840-350x314.png 350w, https:\/\/trois-barres.com\/wp-content\/uploads\/2020\/06\/1457840-480x430.png 480w, https:\/\/trois-barres.com\/wp-content\/uploads\/2020\/06\/1457840.png 1718w\" sizes=\"(max-width: 300px) 100vw, 300px\" \/><\/p>\n<h3>Mise en forme en vue d&rsquo;une pr\u00e9sentation \u00e0 un bureau de contr\u00f4le, marquage CE&#8230;<\/h3>\n\t\t\t\t\t\t\t\t\t\t\t\t\t\t\t\t\t<\/div><!--.info-->\t\r\n\t\t\t\t\t\t\t<\/div>\r\n\t\t\t\t\t\t<\/div>\r\n\t\t\t\t\t\t\t\t\t\t\t\t\t\t\t\t\t\t\t\t\t\t\t\t\t\t\t\t\t<div class=\"service col-md-4\">\r\n\t\t\t\t\t\t\t\t\t\t\t\t\t<div class=\"roll-icon-box\">\r\n\t\t\t\t\t\t\t\t\t\t\t\t\t\t\t\t<div class=\"content\">\r\n\t\t\t\t\t\t\t\t\t<h3>\r\n\t\t\t\t\t\t\t\t\t\t\t\t\t\t\t\t\t\t\t\t\t\t\t\t\t\t\t\t\t\t\t\t\t\t\t\t\t\t\t\t<\/h3>\r\n\t\t\t\t\t\t\t\t\t\t\t\t\t\t\t\t\t\r\n\t\t\t\t\t\t\t\t\t\t<h4>Programmation informatique<\/h4>\n<p><img loading=\"lazy\" class=\"alignnone size-medium wp-image-40\" src=\"http:\/\/trois-barres.com\/wp-content\/uploads\/2019\/09\/fabian-grohs-dC6Pb2JdAqs-unsplash-300x211.jpg\" alt=\"\" width=\"300\" height=\"211\" srcset=\"https:\/\/trois-barres.com\/wp-content\/uploads\/2019\/09\/fabian-grohs-dC6Pb2JdAqs-unsplash-300x211.jpg 300w, https:\/\/trois-barres.com\/wp-content\/uploads\/2019\/09\/fabian-grohs-dC6Pb2JdAqs-unsplash-768x540.jpg 768w, https:\/\/trois-barres.com\/wp-content\/uploads\/2019\/09\/fabian-grohs-dC6Pb2JdAqs-unsplash-1024x721.jpg 1024w, https:\/\/trois-barres.com\/wp-content\/uploads\/2019\/09\/fabian-grohs-dC6Pb2JdAqs-unsplash-830x584.jpg 830w, https:\/\/trois-barres.com\/wp-content\/uploads\/2019\/09\/fabian-grohs-dC6Pb2JdAqs-unsplash-230x162.jpg 230w, https:\/\/trois-barres.com\/wp-content\/uploads\/2019\/09\/fabian-grohs-dC6Pb2JdAqs-unsplash-350x246.jpg 350w, https:\/\/trois-barres.com\/wp-content\/uploads\/2019\/09\/fabian-grohs-dC6Pb2JdAqs-unsplash-480x338.jpg 480w\" sizes=\"(max-width: 300px) 100vw, 300px\" \/><\/p>\n<h3>Connexion API, d\u00e9veloppement d&rsquo;outils. Langages C#, java, vba.<\/h3>\n\t\t\t\t\t\t\t\t\t\t\t\t\t\t\t\t\t<\/div><!--.info-->\t\r\n\t\t\t\t\t\t\t<\/div>\r\n\t\t\t\t\t\t<\/div>\r\n\t\t\t\t\t\t\t\t\t\t\t\t\t\t\t\t\t\t\t\t\t\t\t\t\t\t\t\t\t<div class=\"service col-md-4\">\r\n\t\t\t\t\t\t\t\t\t\t\t\t\t<div class=\"roll-icon-box\">\r\n\t\t\t\t\t\t\t\t\t\t\t\t\t\t\t\t<div class=\"content\">\r\n\t\t\t\t\t\t\t\t\t<h3>\r\n\t\t\t\t\t\t\t\t\t\t\t\t\t\t\t\t\t\t\t\t\t\t\t\t\t\t\t\t\t\t\t\t\t\t\t\t\t\t\t\t<\/h3>\r\n\t\t\t\t\t\t\t\t\t\t\t\t\t\t\t\t\t\r\n\t\t\t\t\t\t\t\t\t\t<h4>Etudes ancrages<\/h4>\n<h4><img loading=\"lazy\" class=\"alignnone size-medium wp-image-691\" src=\"http:\/\/trois-barres.com\/wp-content\/uploads\/2020\/06\/Capture18-300x264.png\" alt=\"\" width=\"300\" height=\"264\" srcset=\"https:\/\/trois-barres.com\/wp-content\/uploads\/2020\/06\/Capture18-300x264.png 300w, https:\/\/trois-barres.com\/wp-content\/uploads\/2020\/06\/Capture18-768x676.png 768w, https:\/\/trois-barres.com\/wp-content\/uploads\/2020\/06\/Capture18-830x731.png 830w, https:\/\/trois-barres.com\/wp-content\/uploads\/2020\/06\/Capture18-230x202.png 230w, https:\/\/trois-barres.com\/wp-content\/uploads\/2020\/06\/Capture18-350x308.png 350w, https:\/\/trois-barres.com\/wp-content\/uploads\/2020\/06\/Capture18-480x422.png 480w, https:\/\/trois-barres.com\/wp-content\/uploads\/2020\/06\/Capture18.png 901w\" sizes=\"(max-width: 300px) 100vw, 300px\" \/><\/h4>\n<h3>V\u00e9rification des ancrages selon la r\u00e9glementation NF EN 1992-4.<\/h3>\n\t\t\t\t\t\t\t\t\t\t\t\t\t\t\t\t\t<\/div><!--.info-->\t\r\n\t\t\t\t\t\t\t<\/div>\r\n\t\t\t\t\t\t<\/div>\r\n\t\t\t\t\t\t\t\t\t\t\t\t\t\t\t\t\t\t\t\t\t\t\t\t\t\t\t\t\t<div class=\"service col-md-4\">\r\n\t\t\t\t\t\t\t\t\t\t\t\t\t<div class=\"roll-icon-box\">\r\n\t\t\t\t\t\t\t\t\t\t\t\t\t\t\t\t<div class=\"content\">\r\n\t\t\t\t\t\t\t\t\t<h3>\r\n\t\t\t\t\t\t\t\t\t\t\t\t\t\t\t\t\t\t\t\t\t\t\t\t\t\t\t\t\t\t\t\t\t\t\t\t\t\t\t\t<\/h3>\r\n\t\t\t\t\t\t\t\t\t\t\t\t\t\t\t\t\t\r\n\t\t\t\t\t\t\t\t\t\t<h4>CFD<\/h4>\n<p><img loading=\"lazy\" class=\"alignnone wp-image-619 size-medium\" src=\"http:\/\/trois-barres.com\/wp-content\/uploads\/2020\/06\/Capture-1-e1592821147719-300x128.png\" alt=\"\" width=\"300\" height=\"128\" srcset=\"https:\/\/trois-barres.com\/wp-content\/uploads\/2020\/06\/Capture-1-e1592821147719-300x128.png 300w, https:\/\/trois-barres.com\/wp-content\/uploads\/2020\/06\/Capture-1-e1592821147719-768x328.png 768w, https:\/\/trois-barres.com\/wp-content\/uploads\/2020\/06\/Capture-1-e1592821147719-1024x438.png 1024w, https:\/\/trois-barres.com\/wp-content\/uploads\/2020\/06\/Capture-1-e1592821147719-830x355.png 830w, https:\/\/trois-barres.com\/wp-content\/uploads\/2020\/06\/Capture-1-e1592821147719-230x98.png 230w, https:\/\/trois-barres.com\/wp-content\/uploads\/2020\/06\/Capture-1-e1592821147719-350x150.png 350w, https:\/\/trois-barres.com\/wp-content\/uploads\/2020\/06\/Capture-1-e1592821147719-480x205.png 480w, https:\/\/trois-barres.com\/wp-content\/uploads\/2020\/06\/Capture-1-e1592821147719.png 1661w\" sizes=\"(max-width: 300px) 100vw, 300px\" \/><\/p>\n<h3>Simulation CFD, interfaces fluide\/solide, mulftifluide.<\/h3>\n\t\t\t\t\t\t\t\t\t\t\t\t\t\t\t\t\t<\/div><!--.info-->\t\r\n\t\t\t\t\t\t\t<\/div>\r\n\t\t\t\t\t\t<\/div>\r\n\t\t\t\t\t\t\t\t\t\t\t\t\t\t\t\t\t\t\t\t\t\t\t\t\t\t\t\t\t<div class=\"service col-md-4\">\r\n\t\t\t\t\t\t\t\t\t\t\t\t\t<div class=\"roll-icon-box\">\r\n\t\t\t\t\t\t\t\t\t\t\t\t\t\t\t\t<div class=\"content\">\r\n\t\t\t\t\t\t\t\t\t<h3>\r\n\t\t\t\t\t\t\t\t\t\t\t\t\t\t\t\t\t\t\t\t\t\t\t\t\t\t\t\t\t\t\t\t\t\t\t\t\t\t\t\t<\/h3>\r\n\t\t\t\t\t\t\t\t\t\t\t\t\t\t\t\t\t\r\n\t\t\t\t\t\t\t\t\t\t<h4>Etudes Assemblages EC3<\/h4>\n<p><img loading=\"lazy\" class=\"alignnone size-medium wp-image-613\" src=\"http:\/\/trois-barres.com\/wp-content\/uploads\/2020\/06\/TMP1-300x292.png\" alt=\"\" width=\"300\" height=\"292\" srcset=\"https:\/\/trois-barres.com\/wp-content\/uploads\/2020\/06\/TMP1-300x292.png 300w, https:\/\/trois-barres.com\/wp-content\/uploads\/2020\/06\/TMP1-768x746.png 768w, https:\/\/trois-barres.com\/wp-content\/uploads\/2020\/06\/TMP1-830x807.png 830w, https:\/\/trois-barres.com\/wp-content\/uploads\/2020\/06\/TMP1-230x223.png 230w, https:\/\/trois-barres.com\/wp-content\/uploads\/2020\/06\/TMP1-350x340.png 350w, https:\/\/trois-barres.com\/wp-content\/uploads\/2020\/06\/TMP1-480x466.png 480w, https:\/\/trois-barres.com\/wp-content\/uploads\/2020\/06\/TMP1.png 883w\" sizes=\"(max-width: 300px) 100vw, 300px\" \/><\/p>\n<h3>V\u00e9rification des profil\u00e9s, platines, boulonnerie et soudures. Analyse de la raideur de l&rsquo;assemblage.<\/h3>\n\t\t\t\t\t\t\t\t\t\t\t\t\t\t\t\t\t<\/div><!--.info-->\t\r\n\t\t\t\t\t\t\t<\/div>\r\n\t\t\t\t\t\t<\/div>\r\n\t\t\t\t\t\t\t\t\t\t\t\t\t\t\t\t\t\t\t\t\t\t\t\t\t\t\t\t\t<div class=\"service col-md-4\">\r\n\t\t\t\t\t\t\t\t\t\t\t\t\t<div class=\"roll-icon-box\">\r\n\t\t\t\t\t\t\t\t\t\t\t\t\t\t\t\t<div class=\"content\">\r\n\t\t\t\t\t\t\t\t\t<h3>\r\n\t\t\t\t\t\t\t\t\t\t\t\t\t\t\t\t\t\t\t\t\t\t\t\t\t\t\t\t\t\t\t\t\t\t\t\t\t\t\t\t<\/h3>\r\n\t\t\t\t\t\t\t\t\t\t\t\t\t\t\t\t\t\r\n\t\t\t\t\t\t\t\t\t\t<h4>Etudes m\u00e9caniques<\/h4>\n<p><img loading=\"lazy\" class=\"alignnone size-medium wp-image-603\" src=\"http:\/\/trois-barres.com\/wp-content\/uploads\/2020\/06\/Capture6-1-300x118.png\" alt=\"\" width=\"300\" height=\"118\" srcset=\"https:\/\/trois-barres.com\/wp-content\/uploads\/2020\/06\/Capture6-1-300x118.png 300w, https:\/\/trois-barres.com\/wp-content\/uploads\/2020\/06\/Capture6-1-768x302.png 768w, https:\/\/trois-barres.com\/wp-content\/uploads\/2020\/06\/Capture6-1-1024x403.png 1024w, https:\/\/trois-barres.com\/wp-content\/uploads\/2020\/06\/Capture6-1-830x327.png 830w, https:\/\/trois-barres.com\/wp-content\/uploads\/2020\/06\/Capture6-1-230x91.png 230w, https:\/\/trois-barres.com\/wp-content\/uploads\/2020\/06\/Capture6-1-350x138.png 350w, https:\/\/trois-barres.com\/wp-content\/uploads\/2020\/06\/Capture6-1-480x189.png 480w\" sizes=\"(max-width: 300px) 100vw, 300px\" \/><\/p>\n<h3>Calcul par \u00e9l\u00e9ments finis. Mod\u00e8les surfaciques, volumiques, lin\u00e9aire, non-lin\u00e9aire&#8230;<\/h3>\n\t\t\t\t\t\t\t\t\t\t\t\t\t\t\t\t\t<\/div><!--.info-->\t\r\n\t\t\t\t\t\t\t<\/div>\r\n\t\t\t\t\t\t<\/div>\r\n\t\t\t\t\t\r\n\t\t\t\t\t\t\t\t\r\n\t<\/div><\/div><\/div><\/div><\/div><\/div>","protected":false},"excerpt":{"rendered":"<p>Calcul, Mod\u00e9lisation et Simulation La mod\u00e9lisation math\u00e9matique et la simulation num\u00e9rique sont des repr\u00e9sentations abstraites de la r\u00e9alit\u00e9 physique. L&rsquo;utilisation de mod\u00e8les adapt\u00e9s permet non seulement de valider un concept mais \u00e9galement de gagner en productivit\u00e9. Trois Barres propose des outils permettant de r\u00e9pondre efficacement \u00e0 une demande de dimensionnement ou de v\u00e9rification. Selon les [&hellip;]<\/p>\n","protected":false},"author":1,"featured_media":0,"parent":0,"menu_order":0,"comment_status":"closed","ping_status":"closed","template":"page-templates\/page_front-page.php","meta":[],"_links":{"self":[{"href":"https:\/\/trois-barres.com\/index.php?rest_route=\/wp\/v2\/pages\/153"}],"collection":[{"href":"https:\/\/trois-barres.com\/index.php?rest_route=\/wp\/v2\/pages"}],"about":[{"href":"https:\/\/trois-barres.com\/index.php?rest_route=\/wp\/v2\/types\/page"}],"author":[{"embeddable":true,"href":"https:\/\/trois-barres.com\/index.php?rest_route=\/wp\/v2\/users\/1"}],"replies":[{"embeddable":true,"href":"https:\/\/trois-barres.com\/index.php?rest_route=%2Fwp%2Fv2%2Fcomments&post=153"}],"version-history":[{"count":212,"href":"https:\/\/trois-barres.com\/index.php?rest_route=\/wp\/v2\/pages\/153\/revisions"}],"predecessor-version":[{"id":798,"href":"https:\/\/trois-barres.com\/index.php?rest_route=\/wp\/v2\/pages\/153\/revisions\/798"}],"wp:attachment":[{"href":"https:\/\/trois-barres.com\/index.php?rest_route=%2Fwp%2Fv2%2Fmedia&parent=153"}],"curies":[{"name":"wp","href":"https:\/\/api.w.org\/{rel}","templated":true}]}}