{"id":751,"date":"2020-06-23T16:57:26","date_gmt":"2020-06-23T14:57:26","guid":{"rendered":"http:\/\/trois-barres.com\/?page_id=751"},"modified":"2020-06-29T17:46:26","modified_gmt":"2020-06-29T15:46:26","slug":"developpement-de-produit","status":"publish","type":"page","link":"https:\/\/trois-barres.com\/?page_id=751","title":{"rendered":"D\u00e9veloppement de produit"},"content":{"rendered":"<div id=\"pl-751\"  class=\"panel-layout\" ><div id=\"pg-751-0\"  class=\"panel-grid panel-has-style\" ><div style=\"padding: 100px 0; \" data-overlay=\"true\" class=\"panel-row-style panel-row-style-for-751-0\" ><div id=\"pgc-751-0-0\"  class=\"panel-grid-cell\" ><div id=\"panel-751-0-0-0\" class=\"so-panel widget widget_sow-editor panel-first-child\" data-index=\"0\" ><div style=\"text-align: left;\" data-title-color=\"#443f3f\" data-headings-color=\"#443f3f\" class=\"panel-widget-style panel-widget-style-for-751-0-0-0\" ><div class=\"so-widget-sow-editor so-widget-sow-editor-base\"><h3 class=\"widget-title\">D\u00e9veloppement de produits<\/h3>\n<div class=\"siteorigin-widget-tinymce textwidget\">\n\t<p>Vous \u00eates porteur de projet et souhaitez un support pour la r\u00e9alisation de celui-ci ? Nous sommes ing\u00e9nieurs produits de formation, nous accompagnons le d\u00e9veloppement de produits sur le plan technique. Vous avez le concept? Nous participons \u00e0 sa concr\u00e9tisation.<\/p>\n<p>Parmi les domaines dans lesquels nous sommes d\u00e9j\u00e0 intervenus, on retrouve principalement la m\u00e9canique g\u00e9n\u00e9rale et la structure m\u00e9tallique. Mais on trouve \u00e9galement\u00a0 :<\/p>\n<ul>\n<li>Les sports &amp; loisirs<\/li>\n<li>Les \u00e9nergies renouvelables<\/li>\n<li>L'a\u00e9ronautique<\/li>\n<li>Le digital et applications Android<\/li>\n<\/ul>\n<p>Chez\u00a0<em>Trois Barres<\/em> nous montrons un r\u00e9el int\u00e9r\u00eat \u00e0 ouvrir nos \u00e9tudes \u00e0 de larges domaines d'applications.<\/p>\n<p>Enfin, notre philosophie de travail est de valoriser la simplicit\u00e9 et l'\u00e9l\u00e9gance du produit. Si sa fonction premi\u00e8re est compliqu\u00e9, l'exp\u00e9rience utilisateur doit rester simple.<\/p>\n<p style=\"text-align: center;\"><em>La simplicit\u00e9 est la sophistication supr\u00eame.<\/em> L. de Vinci<\/p>\n<div class=\"siteorigin-widget-tinymce textwidget\"><\/div>\n<\/div>\n<\/div><\/div><\/div><div id=\"panel-751-0-0-1\" class=\"so-panel widget widget_sydney_services_type_a sydney_services_widget panel-last-child\" data-index=\"1\" ><div style=\"text-align: left;\" data-title-color=\"#443f3f\" data-headings-color=\"#443f3f\" class=\"panel-widget-style panel-widget-style-for-751-0-0-1\" >\t\t\t\r\n\t\t\t\t\t\t\t\t\t\t\t\t\t\t\t\t\t\t\t\t\t\t\t\t\t\t\t\t\t<div class=\"service col-md-4\">\r\n\t\t\t\t\t\t\t\t\t\t\t\t\t<div class=\"roll-icon-box\">\r\n\t\t\t\t\t\t\t\t\t\t\t\t\t\t\t\t<div class=\"content\">\r\n\t\t\t\t\t\t\t\t\t<h3>\r\n\t\t\t\t\t\t\t\t\t\t\t\t\t\t\t\t\t\t\t\t\t\t\t\t\t\t\t\t\t\t\t\t\t\t\t\t\t\t\t\t<\/h3>\r\n\t\t\t\t\t\t\t\t\t\t\t\t\t\t\t\t\t\r\n\t\t\t\t\t\t\t\t\t\t<h4>Mod\u00e9lisation 3d<\/h4>\n<p><img loading=\"lazy\" class=\"alignnone size-medium wp-image-793\" src=\"http:\/\/trois-barres.com\/wp-content\/uploads\/2020\/06\/untitled.25-300x226.jpg\" alt=\"\" width=\"300\" height=\"226\" srcset=\"https:\/\/trois-barres.com\/wp-content\/uploads\/2020\/06\/untitled.25-300x226.jpg 300w, https:\/\/trois-barres.com\/wp-content\/uploads\/2020\/06\/untitled.25-768x579.jpg 768w, https:\/\/trois-barres.com\/wp-content\/uploads\/2020\/06\/untitled.25-1024x771.jpg 1024w, https:\/\/trois-barres.com\/wp-content\/uploads\/2020\/06\/untitled.25-830x625.jpg 830w, https:\/\/trois-barres.com\/wp-content\/uploads\/2020\/06\/untitled.25-230x173.jpg 230w, https:\/\/trois-barres.com\/wp-content\/uploads\/2020\/06\/untitled.25-350x264.jpg 350w, https:\/\/trois-barres.com\/wp-content\/uploads\/2020\/06\/untitled.25-480x362.jpg 480w, https:\/\/trois-barres.com\/wp-content\/uploads\/2020\/06\/untitled.25.jpg 1699w\" sizes=\"(max-width: 300px) 100vw, 300px\" \/><\/p>\n<h3>CAO, int\u00e9gration, mise en plan.<\/h3>\n\t\t\t\t\t\t\t\t\t\t\t\t\t\t\t\t\t<\/div><!--.info-->\t\r\n\t\t\t\t\t\t\t<\/div>\r\n\t\t\t\t\t\t<\/div>\r\n\t\t\t\t\t\t\t\t\t\t\t\t\t\t\t\t\t\t\t\t\t\t\t\t\t\t\t\t\t<div class=\"service col-md-4\">\r\n\t\t\t\t\t\t\t\t\t\t\t\t\t<div class=\"roll-icon-box\">\r\n\t\t\t\t\t\t\t\t\t\t\t\t\t\t\t\t<div class=\"content\">\r\n\t\t\t\t\t\t\t\t\t<h3>\r\n\t\t\t\t\t\t\t\t\t\t\t\t\t\t\t\t\t\t\t\t\t\t\t\t\t\t\t\t\t\t\t\t\t\t\t\t\t\t\t\t<\/h3>\r\n\t\t\t\t\t\t\t\t\t\t\t\t\t\t\t\t\t\r\n\t\t\t\t\t\t\t\t\t\t<h4>Programmation \/ app Android<\/h4>\n<p><img loading=\"lazy\" class=\"alignnone size-medium wp-image-795\" src=\"http:\/\/trois-barres.com\/wp-content\/uploads\/2020\/06\/Capture22-153x300.png\" alt=\"\" width=\"153\" height=\"300\" srcset=\"https:\/\/trois-barres.com\/wp-content\/uploads\/2020\/06\/Capture22-153x300.png 153w, https:\/\/trois-barres.com\/wp-content\/uploads\/2020\/06\/Capture22-522x1024.png 522w, https:\/\/trois-barres.com\/wp-content\/uploads\/2020\/06\/Capture22-230x451.png 230w, https:\/\/trois-barres.com\/wp-content\/uploads\/2020\/06\/Capture22-350x687.png 350w, https:\/\/trois-barres.com\/wp-content\/uploads\/2020\/06\/Capture22-480x942.png 480w, https:\/\/trois-barres.com\/wp-content\/uploads\/2020\/06\/Capture22.png 725w\" sizes=\"(max-width: 153px) 100vw, 153px\" \/><\/p>\n<h3>D\u00e9veloppement d&rsquo;outils digitaux, programmes d&rsquo;automatisation, macros, application Android.<\/h3>\n\t\t\t\t\t\t\t\t\t\t\t\t\t\t\t\t\t<\/div><!--.info-->\t\r\n\t\t\t\t\t\t\t<\/div>\r\n\t\t\t\t\t\t<\/div>\r\n\t\t\t\t\t\t\t\t\t\t\t\t\t\t\t\t\t\t\t\t\t\t\t\t\t\t\t\t\t<div class=\"service col-md-4\">\r\n\t\t\t\t\t\t\t\t\t\t\t\t\t<div class=\"roll-icon-box\">\r\n\t\t\t\t\t\t\t\t\t\t\t\t\t\t\t\t<div class=\"content\">\r\n\t\t\t\t\t\t\t\t\t<h3>\r\n\t\t\t\t\t\t\t\t\t\t\t\t\t\t\t\t\t\t\t\t\t\t\t\t\t\t\t\t\t\t\t\t\t\t\t\t\t\t\t\t<\/h3>\r\n\t\t\t\t\t\t\t\t\t\t\t\t\t\t\t\t\t\r\n\t\t\t\t\t\t\t\t\t\t<h4>Valorisation de produit<\/h4>\n<p><img loading=\"lazy\" class=\"alignnone size-medium wp-image-770\" src=\"http:\/\/trois-barres.com\/wp-content\/uploads\/2020\/06\/Image16-1-300x248.png\" alt=\"\" width=\"300\" height=\"248\" srcset=\"https:\/\/trois-barres.com\/wp-content\/uploads\/2020\/06\/Image16-1-300x248.png 300w, https:\/\/trois-barres.com\/wp-content\/uploads\/2020\/06\/Image16-1-768x634.png 768w, https:\/\/trois-barres.com\/wp-content\/uploads\/2020\/06\/Image16-1-1024x845.png 1024w, https:\/\/trois-barres.com\/wp-content\/uploads\/2020\/06\/Image16-1-830x685.png 830w, https:\/\/trois-barres.com\/wp-content\/uploads\/2020\/06\/Image16-1-230x190.png 230w, https:\/\/trois-barres.com\/wp-content\/uploads\/2020\/06\/Image16-1-350x289.png 350w, https:\/\/trois-barres.com\/wp-content\/uploads\/2020\/06\/Image16-1-480x396.png 480w, https:\/\/trois-barres.com\/wp-content\/uploads\/2020\/06\/Image16-1.png 1032w\" sizes=\"(max-width: 300px) 100vw, 300px\" \/><\/p>\n<h3>Rendus, animations 3d.<\/h3>\n\t\t\t\t\t\t\t\t\t\t\t\t\t\t\t\t\t<\/div><!--.info-->\t\r\n\t\t\t\t\t\t\t<\/div>\r\n\t\t\t\t\t\t<\/div>\r\n\t\t\t\t\t\t\t\t\t\t\t\t\t\t\t\t\t\t\t\t\t\t\t\t\t\t\t\t\t<div class=\"service col-md-4\">\r\n\t\t\t\t\t\t\t\t\t\t\t\t\t<div class=\"roll-icon-box\">\r\n\t\t\t\t\t\t\t\t\t\t\t\t\t\t\t\t<div class=\"content\">\r\n\t\t\t\t\t\t\t\t\t<h3>\r\n\t\t\t\t\t\t\t\t\t\t\t\t\t\t\t\t\t\t\t\t\t\t\t\t\t\t\t\t\t\t\t\t\t\t\t\t\t\t\t\t<\/h3>\r\n\t\t\t\t\t\t\t\t\t\t\t\t\t\t\t\t\t\r\n\t\t\t\t\t\t\t\t\t\t<h4>Prototypage<\/h4>\n<p><img loading=\"lazy\" class=\"alignnone size-medium wp-image-763\" src=\"http:\/\/trois-barres.com\/wp-content\/uploads\/2020\/06\/Image15-300x266.png\" alt=\"\" width=\"300\" height=\"266\" srcset=\"https:\/\/trois-barres.com\/wp-content\/uploads\/2020\/06\/Image15-300x266.png 300w, https:\/\/trois-barres.com\/wp-content\/uploads\/2020\/06\/Image15-230x204.png 230w, https:\/\/trois-barres.com\/wp-content\/uploads\/2020\/06\/Image15-350x310.png 350w, https:\/\/trois-barres.com\/wp-content\/uploads\/2020\/06\/Image15-480x425.png 480w, https:\/\/trois-barres.com\/wp-content\/uploads\/2020\/06\/Image15.png 579w\" sizes=\"(max-width: 300px) 100vw, 300px\" \/><\/p>\n<h3>Impression 3d FDM. Pour la v\u00e9rification de concept ou encombrement, la pr\u00e9sentation, ou la petite s\u00e9rie.<\/h3>\n\t\t\t\t\t\t\t\t\t\t\t\t\t\t\t\t\t<\/div><!--.info-->\t\r\n\t\t\t\t\t\t\t<\/div>\r\n\t\t\t\t\t\t<\/div>\r\n\t\t\t\t\t\r\n\t\t\t\t\t\t\t\t\r\n\t<\/div><\/div><\/div><\/div><\/div><\/div>","protected":false},"excerpt":{"rendered":"<p>D\u00e9veloppement de produits Vous \u00eates porteur de projet et souhaitez un support pour la r\u00e9alisation de celui-ci ? Nous sommes ing\u00e9nieurs produits de formation, nous accompagnons le d\u00e9veloppement de produits sur le plan technique. Vous avez le concept? Nous participons \u00e0 sa concr\u00e9tisation. Parmi les domaines dans lesquels nous sommes d\u00e9j\u00e0 intervenus, on retrouve principalement [&hellip;]<\/p>\n","protected":false},"author":1,"featured_media":0,"parent":0,"menu_order":0,"comment_status":"closed","ping_status":"closed","template":"page-templates\/page_front-page.php","meta":[],"_links":{"self":[{"href":"https:\/\/trois-barres.com\/index.php?rest_route=\/wp\/v2\/pages\/751"}],"collection":[{"href":"https:\/\/trois-barres.com\/index.php?rest_route=\/wp\/v2\/pages"}],"about":[{"href":"https:\/\/trois-barres.com\/index.php?rest_route=\/wp\/v2\/types\/page"}],"author":[{"embeddable":true,"href":"https:\/\/trois-barres.com\/index.php?rest_route=\/wp\/v2\/users\/1"}],"replies":[{"embeddable":true,"href":"https:\/\/trois-barres.com\/index.php?rest_route=%2Fwp%2Fv2%2Fcomments&post=751"}],"version-history":[{"count":11,"href":"https:\/\/trois-barres.com\/index.php?rest_route=\/wp\/v2\/pages\/751\/revisions"}],"predecessor-version":[{"id":785,"href":"https:\/\/trois-barres.com\/index.php?rest_route=\/wp\/v2\/pages\/751\/revisions\/785"}],"wp:attachment":[{"href":"https:\/\/trois-barres.com\/index.php?rest_route=%2Fwp%2Fv2%2Fmedia&parent=751"}],"curies":[{"name":"wp","href":"https:\/\/api.w.org\/{rel}","templated":true}]}}